{"id":13,"date":"2015-12-13T22:25:43","date_gmt":"2015-12-13T21:25:43","guid":{"rendered":"http:\/\/www.sounds-of-south.de\/wordpress\/?page_id=13"},"modified":"2025-10-03T10:15:55","modified_gmt":"2025-10-03T08:15:55","slug":"sonstiges","status":"publish","type":"page","link":"http:\/\/www.sounds-of-south.de\/wordpress\/sonstiges\/","title":{"rendered":"Sonstiges"},"content":{"rendered":"<p>Sounds Of South empfiehlt folgende Webseiten:<\/p>\n<p><a href=\"https:\/\/bildgut.myportfolio.com\">https:\/\/bildgut.myportfolio.com<\/a><\/p>\n<p><a href=\"http:\/\/www.facebook.com\/soundanalyse\">http:\/\/www.facebook.com\/soundanalyse<\/a><\/p>\n<p><a href=\"http:\/\/www.teenageheadmusic.net\/\">http:\/\/www.teenageheadmusic.net<\/a><\/p>\n<p><a href=\"http:\/\/www.schwarzer-adler.de\/\">http:\/\/www.schwarzer-adler.de<\/a><\/p>\n<p><a href=\"http:\/\/www.kulturrampe.de\/\">http:\/\/www.kulturrampe.de<\/a><\/p>\n<p><a href=\"http:\/\/www.musiktheater-piano.de\/\">http:\/\/www.musiktheater-piano.de<\/a><\/p>\n<p><a href=\"http:\/\/www.kaufmann-druckmedien.de\">http:\/\/www.kaufmann-druckmedien.de<\/a><\/p>\n<p><a href=\"http:\/\/www.blissker.com\">http:\/\/www.blissker.com<\/a><\/p>\n<p><a href=\"https:\/\/tollhaus-hafenstrasse.de\/\">https:\/\/tollhaus-hafenstrasse.de\/<\/a><\/p>\n<p><a href=\"http:\/\/www.sounds-of-south.de\/wordpress\/2016\/12\/23\/der-sounds-of-south-rueckblick-2016\/\">Der Sounds Of South-R\u00fcckblick 2016<\/a><\/p>\n<p><a href=\"http:\/\/www.sounds-of-south.de\/wordpress\/2017\/12\/24\/der-sounds-of-south-rueckblick-2017\/\">Der Sounds Of South-R\u00fcckblick 2017<\/a><\/p>\n<p><a href=\"http:\/\/www.sounds-of-south.de\/wordpress\/2018\/12\/31\/der-sounds-of-south-rueckblick-2018\">Der Sounds Of South-R\u00fcckblick 2018<\/a><\/p>\n<p><a href=\"http:\/\/www.sounds-of-south.de\/wordpress\/2019\/12\/31\/der-sounds-of-south-rueckblick-2019\/\">Der Sounds Of South-R\u00fcckblick 2019<\/a><\/p>\n<p><a href=\"http:\/\/www.sounds-of-south.de\/wordpress\/2020\/12\/31\/der-sounds-of-south-rueckblick-2020\/\">Der Sounds Of South-R\u00fcckblick 2020<\/a><\/p>\n<p><a href=\"http:\/\/www.sounds-of-south.de\/wordpress\/2021\/12\/31\/der-sounds-of-south-rueckblick-2021\/\">Der Sounds Of South-R\u00fcckblick 2021<\/a><\/p>\n<p><a href=\"http:\/\/www.sounds-of-south.de\/wordpress\/2022\/12\/31\/der-sounds-of-south-rueckblick-2022\/\">Der Sounds Of South-R\u00fcckblick 2022<\/a><\/p>\n<p><a href=\"http:\/\/www.sounds-of-south.de\/wordpress\/2023\/12\/31\/der-sounds-of-south-rueckblick-2023\/\">Der Sounds Of South-R\u00fcckblick 2023<\/a><\/p>\n<p><a href=\"http:\/\/www.sounds-of-south.de\/wordpress\/2024\/12\/31\/der-sounds-of-south-rueckblick-2024\/\">Der Sounds Of South-R\u00fcckblick 2024<\/a><\/p>\n","protected":false},"excerpt":{"rendered":"<p>Sounds Of South empfiehlt folgende Webseiten: https:\/\/bildgut.myportfolio.com http:\/\/www.facebook.com\/soundanalyse http:\/\/www.teenageheadmusic.net http:\/\/www.schwarzer-adler.de http:\/\/www.kulturrampe.de http:\/\/www.musiktheater-piano.de http:\/\/www.kaufmann-druckmedien.de http:\/\/www.blissker.com https:\/\/tollhaus-hafenstrasse.de\/ Der Sounds Of South-R\u00fcckblick 2016 Der Sounds Of South-R\u00fcckblick 2017 Der Sounds Of South-R\u00fcckblick 2018 Der Sounds Of South-R\u00fcckblick 2019 Der Sounds Of South-R\u00fcckblick 2020 Der Sounds Of South-R\u00fcckblick 2021 Der Sounds Of South-R\u00fcckblick 2022 Der Sounds Of South-R\u00fcckblick 2023 &hellip; <a href=\"http:\/\/www.sounds-of-south.de\/wordpress\/sonstiges\/\" class=\"more-link\"><span class=\"screen-reader-text\">Sonstiges<\/span> weiterlesen<\/a><\/p>\n","protected":false},"author":1,"featured_media":0,"parent":0,"menu_order":0,"comment_status":"closed","ping_status":"closed","template":"","meta":{"footnotes":""},"class_list":["post-13","page","type-page","status-publish","hentry"],"_links":{"self":[{"href":"http:\/\/www.sounds-of-south.de\/wordpress\/wp-json\/wp\/v2\/pages\/13","targetHints":{"allow":["GET"]}}],"collection":[{"href":"http:\/\/www.sounds-of-south.de\/wordpress\/wp-json\/wp\/v2\/pages"}],"about":[{"href":"http:\/\/www.sounds-of-south.de\/wordpress\/wp-json\/wp\/v2\/types\/page"}],"author":[{"embeddable":true,"href":"http:\/\/www.sounds-of-south.de\/wordpress\/wp-json\/wp\/v2\/users\/1"}],"replies":[{"embeddable":true,"href":"http:\/\/www.sounds-of-south.de\/wordpress\/wp-json\/wp\/v2\/comments?post=13"}],"version-history":[{"count":57,"href":"http:\/\/www.sounds-of-south.de\/wordpress\/wp-json\/wp\/v2\/pages\/13\/revisions"}],"predecessor-version":[{"id":73716,"href":"http:\/\/www.sounds-of-south.de\/wordpress\/wp-json\/wp\/v2\/pages\/13\/revisions\/73716"}],"wp:attachment":[{"href":"http:\/\/www.sounds-of-south.de\/wordpress\/wp-json\/wp\/v2\/media?parent=13"}],"curies":[{"name":"wp","href":"https:\/\/api.w.org\/{rel}","templated":true}]}}