{"id":11,"date":"2015-12-13T22:25:27","date_gmt":"2015-12-13T21:25:27","guid":{"rendered":"http:\/\/www.sounds-of-south.de\/wordpress\/?page_id=11"},"modified":"2026-03-13T19:01:41","modified_gmt":"2026-03-13T18:01:41","slug":"musik-nachrichten","status":"publish","type":"page","link":"http:\/\/www.sounds-of-south.de\/wordpress\/musik-nachrichten\/","title":{"rendered":"Musiknachrichten"},"content":{"rendered":"<p><span style=\"color: #000042; font-family: rockwell-condensed; font-size: 14pt;\"><strong>Joshua Ray Walker ver\u00f6ffentlicht mit \u201eAin\u2019t Dead Yet\u201c am 29. Mai ein neues Album<\/strong><\/span><\/p>\n<p><span style=\"font-family: rockwell-condensed; font-size: 14pt;\"> Joshua Ray Walker hat sich mit seinen ergreifenden, menschlichen Portr\u00e4ts von fehlerhaften, faszinierenden Charakteren einen Namen gemacht. Auf seinem neuesten Album \u201eAin\u2019t Dead Yet\u201c erz\u00e4hlt Walker nun eine pers\u00f6nlichere Geschichte \u2013 seine eigene. Hinter dem leichtfertigen Titel des Albums verbirgt sich einige von Walkers bisher schwersten Geschichten. Als er vor drei Jahren mit dem Schreiben von \u201eAin\u2019t Dead Yet\u201c (seinem sechsten Studioalbum, das am 29. Mai \u00fcber East Dallas Records\/Thirty Tigers ver\u00f6ffentlicht wird) begann, hatte Walker noch nicht die Krebsdiagnose erhalten, die sein Leben auf den Kopf stellte und bedrohte (derzeit ist er wieder vollkommen gesund). Aber dieses Jahr war dennoch ungew\u00f6hnlich gepr\u00e4gt von psychischen, physischen und beruflichen Belastungen. Als Walker, der sich damals einer Krebsbehandlung unterzog und sich davon erholte, die Songs aus der Schublade holte, um sie f\u00fcr das Album fertigzustellen \u2013 einschlie\u00dflich des Umschreibens und \u00dcberarbeitens fast aller Songs \u2013, war er von ihrer Vorahnung \u00fcberrascht.<br \/>\n\u201eDas ganze Jahr \u00fcber f\u00fchlte ich mich einfach schrecklich und als w\u00fcrde ich sterben. Ich f\u00fchlte mich nicht gut und war mental nicht auf der H\u00f6he, als ob wirklich die ganze Zeit etwas nicht in Ordnung w\u00e4re\u201c, sagt Walker. \u201eIch glaube, der Grund, warum einige dieser Songs so klingen, wie sie klingen, ist, dass ich mich so gef\u00fchlt habe, obwohl ich noch nicht wusste, dass etwas nicht in Ordnung war.\u201c<br \/>\nAin\u2019t Dead Yet ist textlich oft d\u00fcster, aber klanglich erinnert es an Walkers fr\u00fche Alben, die sich ebenso auf Pedal Steel und Fiddle st\u00fctzen wie auf Walkers vollendetes Gitarrenspiel, seinen s\u00fc\u00dfen Tenor, sein hohes Falsett und sein Jodeln. Das Album wurde vor, w\u00e4hrend und nach der Krebsbehandlung (darunter drei Songs am Tag vor der Lungenoperation, die seine Stimme f\u00fcr immer h\u00e4tte ver\u00e4ndern k\u00f6nnen) in drei Studios in Dallas, Texas, aufgenommen: Audio Dallas, Modern Electric und im Heimstudio des Albumproduzenten und langj\u00e4hrigen Kollaborateurs John Pedigo.<br \/>\nDer Kampf gegen den Krebs bot Walker eine zweite Chance. Aber die Angst vor dem Tod und die damit verbundene Perspektive auf die Vergangenheit ziehen sich auch thematisch durch das gesamte Album. \u201cI live with few regrets \/ Played my cards far from the vest \/ I\u2019ve always been my biggest threat \/ But I ain\u2019t dead yet\u201c, singt Walker im Titelsong und Er\u00f6ffnungstrack. Gleicherma\u00dfen trotzig und bitters\u00fc\u00df, macht es \u201eAin\u2019t Dead Yet\u201c zu einer Reflexion \u00fcber seine letzten Jahre. Passenderweise endet das Album mit einem sanfteren Schlussakkord, \u201eThank You For Listening\u201c, einer aufrichtigen Botschaft an Walkers Zuh\u00f6rer.<br \/>\nSongideen kommen Walker aus vielen Quellen, und zwei der pers\u00f6nlichsten davon w\u00fcrdigt er in \u201eCapital Letters\u201c. Geschrieben f\u00fcr zwei wichtige Mentoren \u2013 Walkers Gro\u00dfvater (\u00fcber den er seinen allerersten Song \u201eFondly\u201c schrieb, der 2019 auf seinem Deb\u00fctalbum \u201eWish You Were Here\u201c ver\u00f6ffentlicht wurde) und Trey Johnson, Mitbegr\u00fcnder von Walkers erstem Label \u2013 ist der Song Walkers Art, die Rolle zu w\u00fcrdigen, die diese l\u00e4ngst verstorbenen geliebten Menschen noch immer in seinem Leben spielen. Manchmal spricht er mit ihnen und bittet sie um Rat, manchmal fragt er sich sogar, ob sie etwas mit den Songs zu tun haben, die er schreibt.<br \/>\nAin\u2019t Dead Yet ist Walkers Zeitkapsel der letzten drei Jahre. Auf der anderen Seite ist es auch eine Widmung an die Zukunft. \u201eIch bin wirklich dankbar, eine zweite Chance bekommen zu haben, und ich bin auch dankbar, dass ich durchlebt habe, was ich f\u00fcr mein Ende hielt. Das gibt einem eine Perspektive, die man nicht vort\u00e4uschen kann, bevor man es tats\u00e4chlich erlebt hat; in gewisser Weise war es eine Art Geschenk\u201c, sagt Walker, auch wenn ein Neuanfang manchmal auch eine gro\u00dfe Herausforderung darstellt.<br \/>\n\u201eIch stand dem Tod gegen\u00fcber; ich h\u00e4tte fast mein Haus verloren; ich habe mich verlobt; wir haben den Gro\u00dfteil unseres Besitzes durch \u00dcberschwemmungen und Schimmel verloren; ich habe geliebte Menschen verloren; ich h\u00e4tte fast meinen gesamten Musikkatalog verloren. Es war viel, Gutes und Schlechtes. Ich bin einfach ein ganz anderer Mensch\u201c, f\u00e4hrt er fort. \u201eIch gehe sehr bewusst mit meiner Zeit um und bin viel gl\u00fccklicher, auch wenn es schwer war, glaube ich wirklich, dass ich gl\u00fccklicher bin. Es war eine ziemlich wilde Verwandlung.\u201c<\/span><\/p>\n<p><strong><strong><span style=\"font-family: rockwell-condensed; font-size: 14pt;\"><a href=\"https:\/\/www.sounds-of-south.de\/wordpress\/?s=Joshua+Ray+Walker\">Joshua Ray Walker<\/a> in Sounds Of South<\/span><\/strong><\/strong><\/p>\n<p><span style=\"color: #000042; font-family: rockwell-condensed; font-size: 14pt;\"><strong>Kacey Mustgraves ver\u00f6ffentlicht neue Single<\/strong><\/span><\/p>\n<p><span style=\"font-family: rockwell-condensed; font-size: 14pt;\">Heute k\u00fcndigt die achtfache Grammy-Gewinnerin Kacey Musgraves ihr neues Album \u201eMiddle of Nowhere\u201c an, das am 1. Mai 2026 (Lost Highway) erscheinen wird. Zusammen mit der Ank\u00fcndigung ver\u00f6ffentlicht Musgraves die erste Singleauskopplung des Albums, \u201e<a href=\"https:\/\/www.youtube.com\/watch?v=NlohfwTunwU\">Dry Spell<\/a>\u201c. Der Track ist gewagt witzig und selbstbewusst, gl\u00e4nzt mit scharfem Witz und liefert knackige Wortwendungen. Zeitgleich mit der Single erscheint auch das dazugeh\u00f6rige Video, das Musgraves gemeinsam mit Hannah Lux Davis gedreht hat.<br \/>\n\u201eMiddle of Nowhere\u201c ist Musgraves sechstes Studioalbum, das sie gemeinsam mit ihren langj\u00e4hrigen Mitstreitern Daniel Tashian und Ian Fitchuk produziert hat. Das Album ist gepr\u00e4gt von den Kl\u00e4ngen, Geschichten und Empfindungen, die die aus Texas stammende S\u00e4ngerin gepr\u00e4gt haben. Ein Schild in Musgraves winziger, nicht eingetragener Heimatstadt Golden in Texas mit weniger als 300 Einwohnern und ohne Ampeln, mit der Aufschrift \u201eGolden, TX: Somewhere in the Middle of Nowhere\u201d gab den Ansto\u00df f\u00fcr den Titelsong und den symbolischen roten Faden des Albums, der etwas Tieferes und Nuancenreicheres zum Ausdruck bringt. Diese Sammlung von Songs, die in einer Phase der Reflexion und der Klarheit nach einer Trennung geschrieben wurde, zeigt Musgraves, wie sie sich bewusst auf offene R\u00e4ume und traditionelle westliche Elemente konzentriert. Pedal Steel, Akkordeon und Texas-Dancehall-Rhythmen bilden einen nostalgischen Rahmen, den sie auf ihre charakteristische Weise auf den Kopf stellt. Es ist eine klangliche Liebeserkl\u00e4rung an die musikalischen Grenzen des Country, die Einfl\u00fcsse aus benachbarten Genres wie Bluegrass, Pop und sogar Teile von Norte\u00f1o und Zydeco widerspiegelt. \u201eMiddle of Nowhere\u201c enth\u00e4lt Kollaborationen mit Willie Nelson, Miranda Lambert, Billy Strings und Gregory Alan Isakov, was die tiefen Wurzeln in Texas und den genre\u00fcbergreifenden Geist des Albums noch weiter unterstreicht.<br \/>\n\u201cThe bulk of this record was made during the longest single period of my life\u201d, so Musgraves, \u201cand I found that for the first time, it actually felt incredible being alone and existing in a space not defined by anyone else. I became fascinated with the concept of liminal space, both geographical and emotional. We don\u2019t linger in these transitional, empty spaces long enough and rush to define where or whatever is next. I became so at ease with being in the \u201cmiddle of nowhere\u201d in many senses and sitting in the un-comfort of the undefined. I had a lot of time for creative ambling and leaning into myself in different ways; horses, humor, writing with my early collaborators again, and living out my very simple, inspired life between Texas, Tennessee, and Mexico.\u201d<br \/>\n\u201eMiddle of Nowhere\u201c folgt auf \u201eDeeper Well\u201c aus dem Jahr 2024, das Musgraves erfolgreichste Deb\u00fctwoche markierte und auf Platz Eins der Top Album Sales-Charts landete und ihr f\u00fcnftes Nr. Eins-Deb\u00fct in den Top Country Albums-Charts war. Sie startete die Deeper Well World Tour mit weltweit ausverkauften Shows, und die Single \u201eThe Architect\u201c aus dem Album gewann den Grammy f\u00fcr den besten Country-Song.<br \/>\nIm Jahr 2023 erreichte Musgraves mit \u201eI Remember Everything\u201c, ihrem Duett mit Zach Bryan, ihren ersten Platz in den Billboard Hot 100. Der Song war das erste Country-Duett seit 40 Jahren seit \u201eIslands in the Stream\u201c von Dolly Parton und Kenny Rogers, das die Spitze der Charts erreichte, und gewann einen Grammy Award f\u00fcr die beste Country-Duo- oder Gruppenperformance.<br \/>\nIm Laufe ihrer Karriere hat Musgraves acht Grammy Awards gewonnen, darunter den Grammy f\u00fcr das Album des Jahres f\u00fcr \u201eGolden Hour\u201c. Sie wurde vom Time Magazine als eine der \u201eFrauen des Jahres\u201c ausgezeichnet, bei den GLAAD Media Awards mit dem Vanguard Award geehrt, von Billboard in der Rubrik \u201eWomen in Music\u201c und von Variety in der Rubrik \u201ePower of Women\u201c gefeiert, mit dem Songwriter Icon Award der National Music Publishers\u2019 Association ausgezeichnet und war Gegenstand einer umfassenden Ausstellung in der Country Music Hall of Fame mit dem Titel \u201eKacey Musgraves: All of the Colors\u201c.<\/span><\/p>\n<p><strong><strong><span style=\"font-family: rockwell-condensed; font-size: 14pt;\"><a href=\"https:\/\/www.sounds-of-south.de\/wordpress\/?s=Kacey+Mustgraves\">Kacey Mustgraves<\/a> in Sounds Of South<\/span><\/strong><\/strong><\/p>\n<p><span style=\"color: #000042; font-family: rockwell-condensed; font-size: 14pt;\"><strong>49 Winchester k\u00fcndigen neues Album an<\/strong><\/span><\/p>\n<p><span style=\"font-family: rockwell-condensed; font-size: 14pt;\">Die gefeierte Country-Rock-Band 49 Winchester haben heute ihr kommendes Album &#8222;Change of Plans&#8220; angek\u00fcndigt, das am 15. Mai \u00fcber Lucille Records \/ MCA erscheinen wird. Zeitgleich mit der Ank\u00fcndigung hat die sechsk\u00f6pfige Band ihren neuesten Track \u201ePardon Me\u201c aus dem kommenden Album ver\u00f6ffentlicht. Der Song markiert ein neues Kapitel f\u00fcr die aus Virginia stammende Band und verbindet ihre unverwechselbare Appalachian-Rauheit mit einer reflektierten, zukunftsgerichteten Perspektive, die den Ton f\u00fcr das gesamte Projekt setzt. \u201ePardon Me\u201c kann <a href=\"https:\/\/www.youtube.com\/watch?v=cqv_VK5JcN8\">HIER<\/a> angeh\u00f6rt werden.<br \/>\n&#8222;Change of Plans&#8220; wurde vom GRAMMY-pr\u00e4mierten Produzenten Dave Cobb (Chris Stapleton, Sturgill Simpson) als Executive Producer in seinem Studio in Savannah, GA, produziert. Das Projekt kn\u00fcpft an eine Reihe hochgelobter Ver\u00f6ffentlichungen an und pr\u00e4sentiert die Band auf einem kreativen H\u00f6hepunkt, mit einem erweiterten Klangspektrum, das dennoch fest im Storytelling verwurzelt bleibt, das ihre Karriere gepr\u00e4gt hat. Das Album spiegelt sowohl pers\u00f6nliche als auch k\u00fcnstlerische Weiterentwicklung wider, geformt durch Jahre auf Tour und ein unersch\u00fctterliches Bekenntnis zu Authentizit\u00e4t.<br \/>\n\u201ePardon Me\u201c zeigt 49 Winchester von ihrer emotional offenen Seite, mit geerdetem, lebensnahem Storytelling, das raue Instrumentierung mit Verletzlichkeit und Wachstum verbindet. Der Track folgt auf die erste Ver\u00f6ffentlichung der Band unter Lucille Records \/ MCA, eine eindringliche Coverversion von Black Sabbaths \u201eChanges\u201c. MCA arbeitet f\u00fcr die kommende, f\u00fcr 2026 geplante Ver\u00f6ffentlichung der Band mit New West Records zusammen; alle folgenden Releases werden exklusiv \u00fcber MCA erscheinen.<br \/>\nAus Virginia stammend, verbinden 49 Winchester Southern Rock und Country mit einem rauen, ehrlichen Storytelling-Ansatz. Bekannt f\u00fcr ihre elektrisierenden Live-Shows, hat sich die Band schnell einen Ruf bei Kritiker:innen erarbeitet und eine engagierte Fangemeinde aufgebaut. Im Herbst brachten sie diese Energie an zwei Abenden in das legend\u00e4re Ryman Auditorium in Nashville (14. und 15. November). Angef\u00fchrt von S\u00e4nger und Songwriter Isaac Gibson, zusammen mit Bus Shelton (Leadgitarre), Chase Chafin (Bass), Noah Patrick (Pedal Steel), Tim Hall (Keys) und Justin Louthian (Schlagzeug), transportieren 49 Winchester Herz, Humor und die hart erarbeiteten Lebensweisheiten Appalachias in jeden Song, den sie ver\u00f6ffentlichen.<br \/>\nIn diesem Jahr starteten 49 Winchester ihre US-Headliner-Tour am 5. Februar in Oxford, MS. Neben den Headline-Shows werden sie 2026 im ganzen Land Eric Church und Tim McGraw als Support begleiten.<\/span><\/p>\n<p><strong><strong><span style=\"font-family: rockwell-condensed; font-size: 14pt;\"><a href=\"https:\/\/www.sounds-of-south.de\/wordpress\/?s=49+Winchester\">49 Winchester<\/a> in Sounds Of South<\/span><\/strong><\/strong><\/p>\n<p><span style=\"color: #000042; font-family: rockwell-condensed; font-size: 14pt;\"><strong>Die Georgia Thunderbolts dimmen das Licht f\u00fcr ihren Abschiedssong, Overlord<\/strong><\/span><\/p>\n<p><span style=\"font-family: rockwell-condensed; font-size: 14pt;\">Es war eine wilde Reise f\u00fcr die f\u00fcnf jungen M\u00e4nner aus Rome, Georgia. Aber heute lassen die Georgia Thunderbolts die Scheinwerfer ihrer Reise f\u00fcr eine Weile erl\u00f6schen, mit ihrer Single Overlord.<br \/>\nEs passt ins Bild, dass ihre Reise mit der stadionersch\u00fctternden letzten Single \u201e<a href=\"https:\/\/www.youtube.com\/watch?v=PkG6iwSngJQ\">Overlord<\/a>\u201c zu Ende geht. Dreieinhalb Minuten voller gl\u00fchend hei\u00dfer Grunge-Riffs, Southern-Rock-Wut und TJ Lyle, der sich mit seiner Stimme auf die Reise seines Lebens begibt. Ihre rootsigen Einfl\u00fcsse sind durchtr\u00e4nkt von schlammigem Desert Rock mit Drums, die direkt aus dem Krater eines Vulkans zu kommen scheinen, und blitzscharfen Soli.<br \/>\nEs ist der leidenschaftlichste Auftritt, den wir bisher von S\u00e4nger TJ Lyle gesehen haben. \u00dcber den Song sagt er: \u201eIm Laufe der Geschichte haben wir gesehen, wie Menschen in Machtpositionen versucht haben, ihre Ziele zu erreichen, und oft geschah dies auf falsche Weise. Dieser Song beleuchtet dieses Thema. Es gibt keinen Grund, jemanden herabzuw\u00fcrdigen oder zu verletzen. Wir wurden auf diese Erde gebracht, um einander als Br\u00fcder und Schwestern zu lieben und zu unterst\u00fctzen. In letzter Zeit scheinen wir uns davon entfernt zu haben. Kehren wir zur\u00fcck zu Liebe, Respekt und F\u00fcrsorge. Streben wir nach Menschlichkeit, nicht nach Gier. Streben wir nach Liebe, nicht nach Krieg. Streben wir immer nach Liebe.\u201c<br \/>\nDer Aufstieg als neue Fackeltr\u00e4ger des Southern Rock gefeiert zu werden, war f\u00fcr die Georgia Thunderbolts nicht so glamour\u00f6s, wie man sich das vielleicht vorstellt. Es war ein hartes St\u00fcck Arbeit, und sie haben viele Kilometer zur\u00fcckgelegt, um ihre Live-Shows von Clubs \u00fcber Theater bis hin zu Festivalb\u00fchnen zu perfektionieren.<br \/>\nDie Realit\u00e4t einer Tournee durch Nordamerika und Kontinentaleuropa im Jahr 2025 erwies sich jedoch sowohl finanziell als auch pers\u00f6nlich als \u00fcberw\u00e4ltigend. Lange Reisetage, steigende Kosten und die Abwesenheit von ihrer regul\u00e4ren Arbeit forderten ihren Tribut, versch\u00e4rft durch einen Schlaganfall, den Lyle kurz vor Beginn der ersten UK-Tournee der Band erlitt. Obwohl er sich inzwischen vollst\u00e4ndig erholt hat, musste damals seine Gesundheit an erste Stelle r\u00fccken.<br \/>\nAls die Schulfreunde im August 2020 ihre selbstbetitelte Deb\u00fct-EP bei Mascot Records ver\u00f6ffentlichten, h\u00e4tten nur wenige die turbulenten f\u00fcnf Jahre vorausahnen k\u00f6nnen, die darauf folgten. TJ Lyle (Gesang), Zach Everett (Bass, Gitarre), Bristol Perry (Schlagzeug), Riley Couzzourt (Gitarre) und Logan Tolbert (Gitarre) wurden schnell vom Rolling Stone als Beweis daf\u00fcr gefeiert, dass \u201eSouthern Rock auch im 21. Jahrhundert weiter floriert\u201c, w\u00e4hrend das Classic Rock Magazin die f\u00fcnfk\u00f6pfige Band zu den \u201eneuen Helden\u201c des Genres erkl\u00e4rte.<br \/>\nDie Band tourte kreuz und quer durch die USA und tourte auch dreimal durch Europa. Unterwegs spielten sie Konzerte mit Black Stone Cherry, Deep Purple, ZZ Top, The Marshall Tucker Band, der Allman Betts Band, Blackberry Smoke, The Outlaws, The Kentucky Headhunters und vielen anderen.<br \/>\nIm Laufe der Zeit ver\u00f6ffentlichte die Band zwei weitere Alben bei Mascot Records: \u201eCan We Get A Witness\u201c (2021) und \u201eRise Above It All\u201c (2024) \u2013 zwei zeitlose Alben, die klassisches Songwriting, herzliche Americana und mitrei\u00dfenden, energiegeladenen Southern Rock miteinander verbinden. Sie haben unglaublichen Zuspruch durch globale Playlists, SXM, BBC Radio 2, Planet Rock Radio, Rolling Stone, Classic Rock, Paste, Vintage Rock, BraveWords, Loudwire, No Depression und viele andere erhalten.<br \/>\n\u00dcber diese Reise sagt Riley: \u201eIch habe immer gesagt und werde immer sagen: \u201aWenn morgen alles vorbei w\u00e4re, Jungs, k\u00f6nnten wir uns nicht im Geringsten beklagen.\u2018 Wir sind \u00fcber alle Ma\u00dfen gesegnet worden und haben mit dieser Band mehr erreicht und mehr gesehen als 90 % der Durchschnittsmenschen. Ich h\u00e4tte das mit keinen anderen vier Jungs auf der Welt machen wollen.<br \/>\nIch f\u00fchle mich, zusammen mit den anderen vier Jungs, geehrt, viele Menschen aus der Musikbranche kennengelernt zu haben, aber Richard (Young) ist die Nummer eins. Richard kennenzulernen war einer meiner Lieblingsmomente als professioneller Musiker.\u201c<br \/>\nEr spricht offen \u00fcber die Bedeutung ihres Managers und Mentors und f\u00e4hrt fort: \u201eEr hat Erstaunliches f\u00fcr uns in der Branche geleistet, aber auch als Mensch, Freund und Familienmitglied. Ich k\u00f6nnte den ganzen Tag lang nur dasitzen und seinen Geschichten lauschen und mit ihm zusammen sein. (Das war einer meiner Lieblingsaspekte unserer Reise). Ein weiterer Lieblingsaspekt meiner musikalischen Reise waren die Fans. Man trifft Menschen aus aller Welt, einige, mit denen man Gemeinsamkeiten hat, andere, mit denen man keine hat. Es hat immer Spa\u00df gemacht, nach den Shows unter die Leute zu gehen, und es ist erstaunlich, wie viele bodenst\u00e4ndige Menschen es da drau\u00dfen gibt.<br \/>\nR\u00fcckblickend auf die letzten zehn Jahre sagt Bristol: \u201eWas f\u00fcr eine aufregende Zeit das war! Verschiedene L\u00e4nder, verschiedene Bundesstaaten und all die Fans, die uns die ganze Zeit \u00fcber begleitet haben! Wir k\u00f6nnen ihnen gar nicht genug daf\u00fcr danken, dass sie zu uns gehalten haben. Die Strykers sind die Besten!! Tourneen sind f\u00fcr uns alle eine Herausforderung; die Welt um uns herum dreht sich weiter, und das echte Leben und seine Anforderungen fordern ihren Tribut. Wir haben jede Minute auf der B\u00fchne geliebt und es genossen, unsere Musik f\u00fcr euch zu spielen; wir werden das sicher vermissen. Bitte versteht, dass es eine sehr schwere Entscheidung f\u00fcr uns war, eine Pause vom Touren einzulegen. Wir m\u00f6chten uns bei allen Bands und Crews bedanken, die wir getroffen haben und die jetzt unsere Br\u00fcder von der Stra\u00dfe sind. Wir sch\u00e4tzen die Hilfe und Unterst\u00fctzung unseres Managers Richard Young und unseres Labels Mascot Records sehr. Meine Bandkollegen und ich wussten nie, wie diese Reise verlaufen w\u00fcrde, und sie hat die Erwartungen von f\u00fcnf Jungs aus dem l\u00e4ndlichen Georgia sicherlich \u00fcbertroffen. Wir sind gesegnet worden. Wir lieben euch alle!\u201d<br \/>\nDa die Band vorerst eine Pause einlegt, verabschieden sie sich mit den Worten: \u201eAuch wenn unsere Zukunft ungewiss ist, denn wie wir wissen bringt das Leben st\u00e4ndige Ver\u00e4nderung mit sich, ist es wunderbar zu sehen, dass Mascot Records mit der Ver\u00f6ffentlichung unserer Single \u201eOverlord\u201c weiterhin an unsere Musik glaubt. Wir m\u00f6chten allen, die uns auf dieser wunderbaren Reise begleitet haben, unsere unendliche Liebe, Wertsch\u00e4tzung und Zuneigung aussprechen. Gott segne euch alle. Danke f\u00fcr die Erinnerungen.\u201c<br \/>\nDie Georgia Thunderbolts legen eine Pause ein, nicht aus Mangel an Leidenschaft, sondern aus der Erkenntnis heraus, dass Ehrgeiz allein nicht wichtiger sein kann als die Familie und die damit verbundenen Verpflichtungen. Aber in kurzer Zeit haben sie Erinnerungen f\u00fcr ein ganzes Leben gesammelt und Millionen von Herzen ber\u00fchrt.<br \/>\nWenn sie sich verabschieden und sagen \u201eBis wir uns wiedersehen\u201c, t\u00e4te die Welt gut daran, die Abschiedsbotschaft der Georgia Thunderbolts weiterzutragen: \u201eStrebt nach Menschlichkeit, nicht nach Gier. Strebt nach Liebe, nicht nach Krieg. Strebt immer nach Liebe.\u201c<br \/>\n<\/span><\/p>\n<p><strong><strong><span style=\"font-family: rockwell-condensed; font-size: 14pt;\"><a href=\"https:\/\/www.sounds-of-south.de\/wordpress\/?s=Georgia+Thunderbolts%2C+The\">The Georgia Thunderbolts<\/a> in Sounds Of South<\/span><\/strong><\/strong><\/p>\n<p><span style=\"color: #000042; font-family: rockwell-condensed; font-size: 14pt;\"><strong>TV-Tipp: Way Down South<\/strong><\/span><\/p>\n<p><span style=\"font-family: rockwell-condensed; font-size: 14pt;\">Drei deutsche Bluesmusiker auf einer au\u00dfergew\u00f6hnlichen Reise \u2013 von Deutschland nach Memphis, zur International Blues Challenge auf der legend\u00e4ren Beale Street. Euphorisch, unerschrocken und mit dem Traum, den Blues an seinem Ursprung zu erleben.<br \/>\nWas als musikalisches Abenteuer beginnt, wird zu einer intensiven Erfahrung \u00fcber Geschichte, Menschlichkeit und Identit\u00e4t. In den Stra\u00dfen des S\u00fcdens begegnen sie der Realit\u00e4t hinter der Musik: dem Erbe der Rassentrennung, dem Schmerz vergangener Generationen und der ungebrochenen Kraft von Hoffnung und Glauben.<br \/>\nEin Besuch im Civil Rights Museum am Lorraine Motel, wo Martin Luther King erschossen wurde, ver\u00e4ndert ihren Blick auf Amerika \u2013 und auf sich selbst. Zwischen Gospelch\u00f6ren, improvisierten Jam-Sessions und N\u00e4chten in den H\u00fctten ehemaliger Plantagenarbeiter entsteht ein ehrliches, tief ber\u00fchrendes Bild des S\u00fcdens.<br \/>\nAm Ende steht kein Wettbewerb, sondern eine Erkenntnis: Der Blues ist mehr als Musik \u2013 er ist Leben, Leid und Liebe zugleich. Und niemand kehrt so zur\u00fcck, wie er aufgebrochen ist.<br \/>\nDie lineare Ausstrahlung erfolgt am 15.01.2026 im Dritten Programm bei SR und SWR.<br \/>\n<a href=\"https:\/\/www.ardmediathek.de\/video\/dokumentationen-und-reportagen\/way-down-south-bluesharpspieler-chris-kramer-reist-zu-den-wurzeln-des-blues\/sr\/Y3JpZDovL3NyLW9ubGluZS5kZS9EVVJfMTYyMzY4\">Hier<\/a> findet man den direkten Link zur ARD-Mediathek.<br \/>\n<\/span><\/p>\n<p><strong><strong><span style=\"font-family: rockwell-condensed; font-size: 14pt;\"><a href=\"https:\/\/www.sounds-of-south.de\/wordpress\/?s=Kramer%2C+Chris\">Chris Kramer<\/a> in Sounds Of South<\/span><\/strong><\/strong><\/p>\n","protected":false},"excerpt":{"rendered":"<p>Joshua Ray Walker ver\u00f6ffentlicht mit \u201eAin\u2019t Dead Yet\u201c am 29. Mai ein neues Album Joshua Ray Walker hat sich mit seinen ergreifenden, menschlichen Portr\u00e4ts von fehlerhaften, faszinierenden Charakteren einen Namen gemacht. Auf seinem neuesten Album \u201eAin\u2019t Dead Yet\u201c erz\u00e4hlt Walker nun eine pers\u00f6nlichere Geschichte \u2013 seine eigene. Hinter dem leichtfertigen Titel des Albums verbirgt sich &hellip; <a href=\"http:\/\/www.sounds-of-south.de\/wordpress\/musik-nachrichten\/\" class=\"more-link\"><span class=\"screen-reader-text\">Musiknachrichten<\/span> weiterlesen<\/a><\/p>\n","protected":false},"author":1,"featured_media":0,"parent":0,"menu_order":0,"comment_status":"closed","ping_status":"closed","template":"","meta":{"footnotes":""},"class_list":["post-11","page","type-page","status-publish","hentry"],"_links":{"self":[{"href":"http:\/\/www.sounds-of-south.de\/wordpress\/wp-json\/wp\/v2\/pages\/11","targetHints":{"allow":["GET"]}}],"collection":[{"href":"http:\/\/www.sounds-of-south.de\/wordpress\/wp-json\/wp\/v2\/pages"}],"about":[{"href":"http:\/\/www.sounds-of-south.de\/wordpress\/wp-json\/wp\/v2\/types\/page"}],"author":[{"embeddable":true,"href":"http:\/\/www.sounds-of-south.de\/wordpress\/wp-json\/wp\/v2\/users\/1"}],"replies":[{"embeddable":true,"href":"http:\/\/www.sounds-of-south.de\/wordpress\/wp-json\/wp\/v2\/comments?post=11"}],"version-history":[{"count":631,"href":"http:\/\/www.sounds-of-south.de\/wordpress\/wp-json\/wp\/v2\/pages\/11\/revisions"}],"predecessor-version":[{"id":75633,"href":"http:\/\/www.sounds-of-south.de\/wordpress\/wp-json\/wp\/v2\/pages\/11\/revisions\/75633"}],"wp:attachment":[{"href":"http:\/\/www.sounds-of-south.de\/wordpress\/wp-json\/wp\/v2\/media?parent=11"}],"curies":[{"name":"wp","href":"https:\/\/api.w.org\/{rel}","templated":true}]}}